{"id":156,"date":"2013-03-17T14:34:19","date_gmt":"2013-03-17T17:34:19","guid":{"rendered":"https:\/\/www.linux.org.uy\/?page_id=156"},"modified":"2013-03-17T23:23:11","modified_gmt":"2013-03-18T02:23:11","slug":"documento-de-las-comunidades-de-software-libre-de-uruguay-ley-de-software-libre-y-formatos-abiertos-en-el-estado","status":"publish","type":"page","link":"https:\/\/www.linux.org.uy\/?page_id=156","title":{"rendered":""},"content":{"rendered":"<style type=\"text\/css\"><!--\n@page { margin: 0.79in } \t\tTD P { margin-bottom: 0in } \t\tP { margin-bottom: 0.08in } \t\tA:link { so-language: zxx }\n--><\/style>\n<p align=\"CENTER\"><span style=\"font-size: large;\"><b>Comunicado de la comunidad Sobre Ley de Software Libre y Formatos Abiertos en el Estado<\/b><\/span><\/p>\n<p align=\"JUSTIFY\"><span style=\"font-size: small;\">Las comunidades de Software Libre del Uruguay expresamos nuestra satisfacci\u00f3n ante la perspectiva de contar con una Ley que dispone la utilizaci\u00f3n de formatos abiertos y promueve la adopci\u00f3n de Software Libre en \u00e1mbitos del Estado .<\/span><\/p>\n<p align=\"JUSTIFY\"><span style=\"font-size: small;\">Saludamos con entusiasmo este avance en el camino hacia una sociedad m\u00e1s libre realizado por la C\u00e1mara de Representantes, al otorgar media sanci\u00f3n parlamentaria al Proyecto de Ley de Software Libre y Formatos Abiertos en el Estado, y manifestamos nuestro deseo de su pronta aprobaci\u00f3n en la C\u00e1mara de Senadores. A la vez, ofrecemos nuestra colaboraci\u00f3n para responder consultas o establecer un di\u00e1logo en torno a dicho proyecto; as\u00ed como en todo lo relativo a su futura reglamentaci\u00f3n.<\/span><\/p>\n<p align=\"JUSTIFY\"><span style=\"font-size: small;\">Particularmente, en el contexto del Estado, el Software Libre y los formatos abiertos son la forma de garantizar libertad, soberan\u00eda e independencia tecnol\u00f3gica. Esta ley es condici\u00f3n necesaria para la preservaci\u00f3n y el acceso futuro a la informaci\u00f3n p\u00fablica, favoreciendo un control genuino en que la autoridad del Estado no est\u00e9 limitada por los vaivenes del mercado o por las condiciones restrictivas de ciertos licenciamientos. Adem\u00e1s, beneficia a todos los ciudadanos, permitiendo el acceso igualitario a la informaci\u00f3n de la administraci\u00f3n p\u00fablica, sin obligarles a instalar en sus computadoras software que no desean, ni imponer gastos evitables para acceder a la informaci\u00f3n. Por \u00faltimo, favorece a la transparencia necesaria e imprescindible a otras tareas pendientes, como la Reforma del Estado.<\/span><\/p>\n<p align=\"JUSTIFY\"><span style=\"font-size: small;\">Un Software es libre si puede ser ejecutado con cualquier prop\u00f3sito, estudiado, modificado y compartido, sin restricci\u00f3n alguna. Esto favorece la libertad y el dominio de la tecnolog\u00eda por las personas, tanto a nivel individual como colectivo. Software Libre no se refiere a una tecnolog\u00eda en particular, sino que es una forma de licenciar el software.<\/span><\/p>\n<p align=\"JUSTIFY\"><span style=\"font-size: small;\">El uso de Software Libre en el Estado proporciona independencia de los proveedores al liberarse de la dependencia generada por el software privativo y\/o los formatos cerrados, lo cual adem\u00e1s le protege de tener que realizar permanentemente costosas actualizaciones. Posibilitando adem\u00e1s, el intercambio y la reutilizaci\u00f3n de todo o parte del c\u00f3digo fuente y la colaboraci\u00f3n en el desarrollo del mismo, con lo cual su producci\u00f3n se hace m\u00e1s eficiente, optimizando los recursos humanos y materiales del Estado.<\/span><\/p>\n<p align=\"JUSTIFY\"><span style=\"font-size: small;\">Cabe destacar que este proyecto de ley habla de <b>\u201c&#8230;Software Libre en el Estado&#8230;\u201d<\/b>. Sin embargo, la paulatina implantaci\u00f3n de Software Libre por parte del Estado uruguayo traer\u00e1 aparejados tambi\u00e9n, cambios a nivel del sector de las tecnolog\u00edas de la informaci\u00f3n que hoy brindan este servicio al Estado. Por lo cual, es normal la incertidumbre manifiesta por alguna parte del sector privado. No obstante, este cambio ser\u00e1 beneficioso para el Estado y la industria por varias razones:<\/span><\/p>\n<ul>\n<li>\n<p align=\"JUSTIFY\"><span style=\"font-size: small;\">Buena parte del dinero que actualmente se va del pa\u00eds en el pago de licencias de software privativo, se invertir\u00e1 en desarrollo y mantenimiento de software a nivel local. <\/span><\/p>\n<\/li>\n<li>\n<p align=\"JUSTIFY\"><span style=\"font-size: small;\">Se emplear\u00e1 m\u00e1s mano de obra calificada y sus beneficios quedar\u00e1n en el pa\u00eds, diversificando as\u00ed la matriz productiva.<\/span><\/p>\n<\/li>\n<li>\n<p align=\"JUSTIFY\"><span style=\"font-size: small;\">Mejorar\u00e1 la distribuci\u00f3n de la riqueza, estimulando a las peque\u00f1as y medianas empresas innovadoras, y a los equipos de trabajo estatales.<\/span><\/p>\n<\/li>\n<li>\n<p align=\"JUSTIFY\"><span style=\"font-size: small;\">Generar\u00e1 un proceso de apropiaci\u00f3n tecnol\u00f3gica, alcanzando una masa cr\u00edtica de profesionales capaces de estimular un desarrollo tecnol\u00f3gico autosustentable a nivel nacional.<\/span><\/p>\n<\/li>\n<\/ul>\n<p align=\"JUSTIFY\"><span style=\"font-size: small;\">La aplicaci\u00f3n de esta ley propiciar\u00e1 un ecosistema que fortalecer\u00e1 a las peque\u00f1as y medianas empresas innovadoras y competitivas, de fuerte valor agregado, d\u00e1ndoles mejores posibilidades de competir con productos que pueden modificar y adaptar a las necesidades del organismo estatal contratante.<\/span><\/p>\n<p align=\"JUSTIFY\"><span style=\"font-size: small;\">En el \u00e1mbito educativo, el proyecto encuentra su justificaci\u00f3n en la propia Ley de Educaci\u00f3n, cuando sostiene que \u201cel educando debe ser sujeto activo en el proceso educativo para apropiarse en forma cr\u00edtica, responsable y creativa de los saberes\u201d, o cuando promueve \u201cla comprensi\u00f3n y apropiaci\u00f3n social del conocimiento cient\u00edfico y tecnol\u00f3gico para su democratizaci\u00f3n\u201d. El Software Libre claramente apunta a cumplir con estos planteamientos, al dejar todas las puertas abiertas para profundizar y apropiarse del conocimiento; el software privativo, por el contrario, genera una situaci\u00f3n de dependencia de quien usa el software con la empresa que monopoliza su desarrollo.<\/span><\/p>\n<p align=\"JUSTIFY\"><span style=\"font-size: small;\">La educaci\u00f3n debe formar ciudadanas y ciudadanos libres, capaces de ejercer sus derechos y de participar, en democracia, en la vida social y econ\u00f3mica. Por otro lado, en un sector tan din\u00e1mico como el de las tecnolog\u00edas de la informaci\u00f3n, el mercado laboral que conocer\u00e1 un estudiante a lo largo de su vida activa ser\u00e1 muy cambiante y diferente al de hoy. Por todo lo expuesto, con Software Libre se puede lograr, como establece la Ley de Educaci\u00f3n, \u201cque las personas adquieran aprendizajes que les permitan un desarrollo integral relacionado con aprender a ser, aprender a aprender (&#8230;)\u201d y \u201c[alcanzar] una real igualdad de oportunidades para el acceso, la permanencia y el logro de los aprendizajes\u201d.<\/span><\/p>\n<p align=\"JUSTIFY\"><span style=\"font-size: small;\">Por lo expuesto, entendemos que en la situaci\u00f3n actual donde las tecnolog\u00edas de la informaci\u00f3n y comunicaci\u00f3n son tan importantes para la sociedad, el uso de Software Libre en el Estado es lo \u00fanico que le garantiza soberan\u00eda e independencia tecnol\u00f3gica, eficacia y eficiencia en el cumplimiento de sus cometidos. Exhortamos a Senadoras y Senadores a atender estos principios fundamentales y aprobar la LEY DE SOFTWARE LIBRE Y FORMATOS ABIERTOS EN EL ESTADO.<\/span><\/p>\n<p align=\"CENTER\"><span style=\"font-size: medium;\"><i>El Software Libre es Socialmente justo, T\u00e9cnicamente viable y Econ\u00f3micamente sostenible.<\/i><\/span><\/p>\n<p align=\"RIGHT\"><span style=\"font-size: small;\">13 de Marzo de 2013<\/span><\/p>\n<table width=\"75%\" border=\"0\" cellspacing=\"2\" cellpadding=\"2\" align=\"center\">\n<tbody>\n<tr>\n<td align=\"center\" width=\"25%\"><a href=\"www.cei.fing.edu.uy\">www.cei.fing.edu.uy<\/a><\/td>\n<td align=\"center\" width=\"25%\"><a href=\"www.cesol.org.uy\">www.cesol.org.uy<\/a><\/td>\n<td align=\"center\" width=\"25%\"><a href=\"www.datauy.org\">www.datauy.org<\/a><\/td>\n<td align=\"center\" width=\"25%\">Comunidad gvSIG Uruguay<\/td>\n<\/tr>\n<tr>\n<td align=\"center\"><a href=\"www.linux.org.uy\">www.linux.org.uy<br \/>\nnosotros!<\/a><\/td>\n<td align=\"center\"><a href=\"www.linuxpay.org\">www.linuxpay.org<\/a><\/td>\n<td align=\"center\"><a href=\"www.linuxsalto.org\">www.linuxsalto.org<\/a><\/td>\n<td align=\"center\">Mozilla Uruguay<\/td>\n<\/tr>\n<tr>\n<td align=\"center\"><\/td>\n<td align=\"center\"><a href=\"www.softwarelibre.edu.uy\">www.softwarelibre.edu.uy<\/a><\/td>\n<td align=\"center\"><a href=\"www.ubuntu.org.uy\">www.ubuntu.org.uy<\/a><\/td>\n<td align=\"center\"><\/td>\n<\/tr>\n<\/tbody>\n<\/table>\n<p>&nbsp;<\/p>\n<p style=\"text-align: center;\">\u00bfFalt\u00e1s vos, tu comunidad u organizaci\u00f3n? <a href=\"http:\/\/www.softwarelibre.uy\/Comunicado-de-la-comunidad-sobre#sp1\">Click aqu\u00ed para sumarte!<\/a><\/p>\n","protected":false},"excerpt":{"rendered":"<p>Comunicado de la comunidad Sobre Ley de Software Libre y Formatos Abiertos en el Estado Las comunidades de Software Libre del Uruguay expresamos nuestra satisfacci\u00f3n ante la perspectiva de contar con una Ley que dispone la utilizaci\u00f3n de formatos abiertos y promueve la adopci\u00f3n de Software Libre en \u00e1mbitos del Estado . Saludamos con entusiasmo &hellip; <span class=\"more-link\"><a href=\"https:\/\/www.linux.org.uy\/?page_id=156\">Continue reading &raquo;<\/a><\/span><\/p>\n","protected":false},"author":3,"featured_media":0,"parent":0,"menu_order":0,"comment_status":"open","ping_status":"open","template":"page-full-width.php","meta":{"footnotes":""},"class_list":["post-156","page","type-page","status-publish","hentry"],"_links":{"self":[{"href":"https:\/\/www.linux.org.uy\/index.php?rest_route=\/wp\/v2\/pages\/156","targetHints":{"allow":["GET"]}}],"collection":[{"href":"https:\/\/www.linux.org.uy\/index.php?rest_route=\/wp\/v2\/pages"}],"about":[{"href":"https:\/\/www.linux.org.uy\/index.php?rest_route=\/wp\/v2\/types\/page"}],"author":[{"embeddable":true,"href":"https:\/\/www.linux.org.uy\/index.php?rest_route=\/wp\/v2\/users\/3"}],"replies":[{"embeddable":true,"href":"https:\/\/www.linux.org.uy\/index.php?rest_route=%2Fwp%2Fv2%2Fcomments&post=156"}],"version-history":[{"count":10,"href":"https:\/\/www.linux.org.uy\/index.php?rest_route=\/wp\/v2\/pages\/156\/revisions"}],"predecessor-version":[{"id":160,"href":"https:\/\/www.linux.org.uy\/index.php?rest_route=\/wp\/v2\/pages\/156\/revisions\/160"}],"wp:attachment":[{"href":"https:\/\/www.linux.org.uy\/index.php?rest_route=%2Fwp%2Fv2%2Fmedia&parent=156"}],"curies":[{"name":"wp","href":"https:\/\/api.w.org\/{rel}","templated":true}]}}