{"id":25,"date":"2012-05-21T22:27:46","date_gmt":"2012-05-22T01:27:46","guid":{"rendered":"https:\/\/www.linux.org.uy\/?page_id=25"},"modified":"2012-05-21T22:27:46","modified_gmt":"2012-05-22T01:27:46","slug":"listas-de-correo","status":"publish","type":"page","link":"https:\/\/www.linux.org.uy\/?page_id=25","title":{"rendered":"Listas de Correo"},"content":{"rendered":"<p>El <em>UYLUG<\/em>, gracias al apoyo de <a href=\"http:\/\/www.rootway.com\">RootWay<\/a> (espaciolibre.net) cuenta con un servidor de listas de correo para mantener contacto con grupos de trabajo y la comunidad en general.<\/p>\n<h2>Suscripciones<\/h2>\n<p>Escoja la lista de correo a la que se quiere suscribir o desuscribir y siguir el enlace:<\/p>\n<h3><a href=\"http:\/\/listas.uylug.org.uy\/listinfo.cgi\/uylug-linux-uylug.org.uy\" title=\"uylug-linux\" target=\"_blank\">uylug-linux<\/a><\/h3>\n<p><i>lista m\u00e1s concurrida del UYLUG, donde se conversa de todos los temas sobre administraci\u00f3n y soporte de GNU\/Linux. En ella participan usuarios de todo el mundo de habla hispana.<\/i><\/p>\n<h3><a href=\"http:\/\/listas.uylug.org.uy\/listinfo.cgi\/uylug-varios-uylug.org.uy\" title=\"uylug-varios\" target=\"_blank\">uylug-varios<\/a><\/h3>\n<p><i>lista para la discusi\u00f3n de tem\u00e1ticas varias referidas al grupo, a GNU\/Linux en general, pol\u00edticas, est\u00e1ndares, terminolog\u00eda, noticias tecnol\u00f3gicas y, en f\u00edn, todo lo que pueda ser interesante.<\/i><\/p>\n<h3><a href=\"http:\/\/listas.uylug.org.uy\/listinfo.cgi\/uylug-programming-uylug.org.uy\" title=\"uylug-programming\" target=\"_blank\">uylug-programming<\/a><\/h3>\n<p><i>lista para compartir los conocimientos en las diferentes tem\u00e1ticas referidas a la programaci\u00f3n sin importar de que plataforma, lenguaje o herramienta de programaci\u00f3n se trata.<\/i><\/p>\n<h3><a href=\"http:\/\/listas.uylug.org.uy\/listinfo.cgi\/uylug-socios-uylug.org.uy\" title=\"uylug-socios\" target=\"_blank\">uylug-socios<\/a><\/h3>\n<p><b>(exclusiva para socios)<\/b> <i>lista para socios del grupo, donde se intercambian noticias e ideas sobre el mejoramiento y conducci\u00f3n del grupo<\/i><\/p>\n","protected":false},"excerpt":{"rendered":"<p>El UYLUG, gracias al apoyo de RootWay (espaciolibre.net) cuenta con un servidor de listas de correo para mantener contacto con grupos de trabajo y la comunidad en general. Suscripciones Escoja la lista de correo a la que se quiere suscribir o desuscribir y siguir el enlace: uylug-linux lista m\u00e1s concurrida del UYLUG, donde se conversa &hellip; <span class=\"more-link\"><a href=\"https:\/\/www.linux.org.uy\/?page_id=25\">Continue reading &raquo;<\/a><\/span><\/p>\n","protected":false},"author":2,"featured_media":0,"parent":0,"menu_order":0,"comment_status":"open","ping_status":"open","template":"","meta":{"footnotes":""},"class_list":["post-25","page","type-page","status-publish","hentry"],"_links":{"self":[{"href":"https:\/\/www.linux.org.uy\/index.php?rest_route=\/wp\/v2\/pages\/25","targetHints":{"allow":["GET"]}}],"collection":[{"href":"https:\/\/www.linux.org.uy\/index.php?rest_route=\/wp\/v2\/pages"}],"about":[{"href":"https:\/\/www.linux.org.uy\/index.php?rest_route=\/wp\/v2\/types\/page"}],"author":[{"embeddable":true,"href":"https:\/\/www.linux.org.uy\/index.php?rest_route=\/wp\/v2\/users\/2"}],"replies":[{"embeddable":true,"href":"https:\/\/www.linux.org.uy\/index.php?rest_route=%2Fwp%2Fv2%2Fcomments&post=25"}],"version-history":[{"count":6,"href":"https:\/\/www.linux.org.uy\/index.php?rest_route=\/wp\/v2\/pages\/25\/revisions"}],"predecessor-version":[{"id":31,"href":"https:\/\/www.linux.org.uy\/index.php?rest_route=\/wp\/v2\/pages\/25\/revisions\/31"}],"wp:attachment":[{"href":"https:\/\/www.linux.org.uy\/index.php?rest_route=%2Fwp%2Fv2%2Fmedia&parent=25"}],"curies":[{"name":"wp","href":"https:\/\/api.w.org\/{rel}","templated":true}]}}