{"id":33,"date":"2012-05-21T22:42:52","date_gmt":"2012-05-22T01:42:52","guid":{"rendered":"https:\/\/www.linux.org.uy\/?page_id=33"},"modified":"2012-05-21T22:42:52","modified_gmt":"2012-05-22T01:42:52","slug":"sobre-el-uylug","status":"publish","type":"page","link":"https:\/\/www.linux.org.uy\/?page_id=33","title":{"rendered":"Sobre el UYLUG"},"content":{"rendered":"<p>El Grupo de Usuarios Linux del Uruguay (UYLUG) se conform\u00f3 como una Asociaci\u00f3n Civil Sin Fines de Lucro y regula su funcionamiento en base a sus Estatutos.<\/p>\n<p><strong>Fundaci\u00f3n: 14 de noviembre de 1997<\/strong><\/p>\n<p>Se siguen las ideas de sus socios fundadores, que fue la de juntar a las personas simpatizantes del Software Libre y del sistema operativo GNU\/Linux para cooperar e intercambiar ideas y conocimientos entre si.<\/p>\n","protected":false},"excerpt":{"rendered":"<p>El Grupo de Usuarios Linux del Uruguay (UYLUG) se conform\u00f3 como una Asociaci\u00f3n Civil Sin Fines de Lucro y regula su funcionamiento en base a sus Estatutos. Fundaci\u00f3n: 14 de noviembre de 1997 Se siguen las ideas de sus socios fundadores, que fue la de juntar a las personas simpatizantes del Software Libre y del &hellip; <span class=\"more-link\"><a href=\"https:\/\/www.linux.org.uy\/?page_id=33\">Continue reading &raquo;<\/a><\/span><\/p>\n","protected":false},"author":2,"featured_media":0,"parent":0,"menu_order":0,"comment_status":"open","ping_status":"open","template":"","meta":{"footnotes":""},"class_list":["post-33","page","type-page","status-publish","hentry"],"_links":{"self":[{"href":"https:\/\/www.linux.org.uy\/index.php?rest_route=\/wp\/v2\/pages\/33","targetHints":{"allow":["GET"]}}],"collection":[{"href":"https:\/\/www.linux.org.uy\/index.php?rest_route=\/wp\/v2\/pages"}],"about":[{"href":"https:\/\/www.linux.org.uy\/index.php?rest_route=\/wp\/v2\/types\/page"}],"author":[{"embeddable":true,"href":"https:\/\/www.linux.org.uy\/index.php?rest_route=\/wp\/v2\/users\/2"}],"replies":[{"embeddable":true,"href":"https:\/\/www.linux.org.uy\/index.php?rest_route=%2Fwp%2Fv2%2Fcomments&post=33"}],"version-history":[{"count":1,"href":"https:\/\/www.linux.org.uy\/index.php?rest_route=\/wp\/v2\/pages\/33\/revisions"}],"predecessor-version":[{"id":34,"href":"https:\/\/www.linux.org.uy\/index.php?rest_route=\/wp\/v2\/pages\/33\/revisions\/34"}],"wp:attachment":[{"href":"https:\/\/www.linux.org.uy\/index.php?rest_route=%2Fwp%2Fv2%2Fmedia&parent=33"}],"curies":[{"name":"wp","href":"https:\/\/api.w.org\/{rel}","templated":true}]}}