{"id":41,"date":"2012-05-21T22:53:18","date_gmt":"2012-05-22T01:53:18","guid":{"rendered":"https:\/\/www.linux.org.uy\/?page_id=41"},"modified":"2012-09-18T11:43:28","modified_gmt":"2012-09-18T14:43:28","slug":"historia-sitio-web","status":"publish","type":"page","link":"https:\/\/www.linux.org.uy\/?page_id=41","title":{"rendered":"Historia sitio web"},"content":{"rendered":"<h2>2012<\/h2>\n<p>Actualizamos la p\u00e1gina y cambiamos el software que mueve el sitio web, ahora con <a href=\"http:\/\/www.wordpress.org\" target=\"_blank\">WordPress<\/a><\/p>\n<p>Guardamos una captura de la portada de nuestro sitio anterior que ha estado online por m\u00e1s de 8 a\u00f1os, en los cuales ha juntado:<\/p>\n<ul>\n<li>M\u00e1s de 150 noticias<\/li>\n<li>Soportado foros y m\u00e1s de 300 art\u00edculos en los foros<\/li>\n<li>M\u00e1s de 500 usuarios registrados en el sitio para poder participar en foros y colaboraci\u00f3n<\/li>\n<li>Una FAQ con m\u00e1s de 60 respuestas a los temas m\u00e1s comunes<\/li>\n<li>Muchos documentos creados por usuarios y socios con tutoriales y ayudas varias<\/li>\n<\/ul>\n<p><a href=\"http:\/\/www.linux.net.uy\"><img loading=\"lazy\" decoding=\"async\" class=\"aligncenter size-medium wp-image-46\" title=\"Sitio Web previo a 2012\" src=\"https:\/\/www.linux.org.uy\/wp-content\/uploads\/2012\/05\/Captura-de-pantalla-2012-05-21-a-las-22.58.16-300x266.png\" alt=\"\" width=\"300\" height=\"266\" srcset=\"https:\/\/www.linux.org.uy\/wp-content\/uploads\/2012\/05\/Captura-de-pantalla-2012-05-21-a-las-22.58.16-300x266.png 300w, https:\/\/www.linux.org.uy\/wp-content\/uploads\/2012\/05\/Captura-de-pantalla-2012-05-21-a-las-22.58.16-1024x910.png 1024w, https:\/\/www.linux.org.uy\/wp-content\/uploads\/2012\/05\/Captura-de-pantalla-2012-05-21-a-las-22.58.16.png 1119w\" sizes=\"auto, (max-width: 300px) 100vw, 300px\" \/><\/a><\/p>\n<h2>2004<\/h2>\n<p><strong>Junio 21:<\/strong> Se actualiza el programa de la secci\u00f3n de fotos a la versi\u00f3n 1.4.4-cvs-b200 del Gallery. Trabaj\u00f3 en esto el socio Rodolfo Pilas<br \/>\n<strong>Abril 11:<\/strong> Puesto al dia con la version 1.8.2 de <a href=\"http:\/\/tikiwiki.org\">TikiWiki<\/a>, versi\u00f3n que arregla algunos problemas moderados de seguridad. Trabajo en esto el socio Gustavo Muslera.<br \/>\n<strong>Marzo 25:<\/strong> El sitio Web es puesto al d\u00eda con la versi\u00f3n 1.8.1 de <a href=\"http:\/\/tikiwiki.org\">TikiWiki<\/a>, con notorias mejoras en prestaciones, manteniendo su aspecto actual. Trabajo en esto el socio Gustavo Muslera<br \/>\n<strong>Febrero 25:<\/strong> El sitio Web, las listas de correo, el sitio de fotos y la restrante infraestructura del <a href=\"http:\/\/www.linux.net.uy\/tiki-index.php?page=IntroduccionUylug\">UYLUG<\/a> en internet es movida para un nuevo proveedor de servicios, la empresa <a href=\"http:\/\/www.rootway.com\">Rootway<\/a>, que gentilmente provee de soporte al grupo. Trabajaron en esto los socios: Gustavo Muslera, Mario Bonilla y Rodolfo Pilas.<\/p>\n<h2>2003<\/h2>\n<p>Ha llegado la hora de decirle adi\u00f3s a nuestro viejo sitio <em>est\u00e1tico<\/em>, generado con WML&#8230;. va aqu\u00ed una captura en su recuerdo:<\/p>\n<p><a href=\"https:\/\/www.linux.org.uy\/wp-content\/uploads\/2012\/05\/uylugsitio1.png\"><img loading=\"lazy\" decoding=\"async\" class=\"aligncenter size-medium wp-image-42\" title=\"uylugsitio1\" src=\"https:\/\/www.linux.org.uy\/wp-content\/uploads\/2012\/05\/uylugsitio1-300x227.png\" alt=\"\" width=\"300\" height=\"227\" srcset=\"https:\/\/www.linux.org.uy\/wp-content\/uploads\/2012\/05\/uylugsitio1-300x227.png 300w, https:\/\/www.linux.org.uy\/wp-content\/uploads\/2012\/05\/uylugsitio1-160x120.png 160w, https:\/\/www.linux.org.uy\/wp-content\/uploads\/2012\/05\/uylugsitio1.png 640w\" sizes=\"auto, (max-width: 300px) 100vw, 300px\" \/><\/a><\/p>\n<p>ahora pasamos a un sitio que utiliza Tiki Wiki como herramienta para manejar contenidos, donde las personas habilitadas pueden editar y crear p\u00e1ginas libremente. Nuevamente con la colaboracion de Fabricio Leyton el sitio toma un nuevo aspecto, que es el que est\u00e1 viendo. Confiamos que esta nueva etapa el sitio tenga un gran desarrollo.<\/p>\n<h2>2000<\/h2>\n<p>En el 2000 iniciamos una nueva etapa. Todo un nuevo aspecto, modernizado, gracias al buen gusto y el trabajo de Fabricio Leyton. La coordinaci\u00f3n general del sitio qued\u00f3 en manos de IvanBaldo<a title=\"Crear p\u00e1gina: IvanBaldo\" href=\"http:\/\/www.linux.net.uy\/tiki-editpage.php?page=IvanBaldo\">?<\/a> y pas\u00f3 a ser desarrollado enteramente en Web Site Meta Lenguage (WML), untilizando el CVS de Sourceforge y bajando el sitio dos veces al d\u00eda y generando las p\u00e1ginas HTML y subi\u00e9ndolas al hosting. El hosting ahora est\u00e1 en <a href=\"http:\/\/www.codigolibre.net\">Codigo Libre<\/a> donde tambi\u00e9n est\u00e1 alojado todo el sistema de correo <a href=\"http:\/\/www.uylug.org.uy\">http:\/\/www.uylug.org.uy<\/a> como otros dominios y sub-dominios del grupo.<\/p>\n<h2>1998<\/h2>\n<p>Durante el a\u00f1o 1998 se continu\u00f3 creciendo con el mismo sitio, incorpor\u00e1ndole documentaci\u00f3n y secciones. Esta etapa se prolong\u00f3 durante el a\u00f1o 1999 tambi\u00e9n.<\/p>\n<h2>1997<\/h2>\n<p>El <a href=\"http:\/\/www.linux.net.uy\/tiki-index.php?page=IntroduccionUylug\">UYLUG<\/a> inaugur\u00f3 por primera vez su sitio en 1997, donde con el esfuerzo de algunos socios se pusieron en l\u00ednea algunos documentos para compartir. El alojamiento del sitio estaba en <a href=\"http:\/\/www.tecnet.com.uy\">Tecnet Consultores<\/a> quienes nos abrieron las puertas para toda la infraestructura de Internet.<\/p>\n","protected":false},"excerpt":{"rendered":"<p>2012 Actualizamos la p\u00e1gina y cambiamos el software que mueve el sitio web, ahora con WordPress Guardamos una captura de la portada de nuestro sitio anterior que ha estado online por m\u00e1s de 8 a\u00f1os, en los cuales ha juntado: M\u00e1s de 150 noticias Soportado foros y m\u00e1s de 300 art\u00edculos en los foros M\u00e1s &hellip; <span class=\"more-link\"><a href=\"https:\/\/www.linux.org.uy\/?page_id=41\">Continue reading &raquo;<\/a><\/span><\/p>\n","protected":false},"author":2,"featured_media":0,"parent":33,"menu_order":0,"comment_status":"open","ping_status":"open","template":"","meta":{"footnotes":""},"class_list":["post-41","page","type-page","status-publish","hentry"],"_links":{"self":[{"href":"https:\/\/www.linux.org.uy\/index.php?rest_route=\/wp\/v2\/pages\/41","targetHints":{"allow":["GET"]}}],"collection":[{"href":"https:\/\/www.linux.org.uy\/index.php?rest_route=\/wp\/v2\/pages"}],"about":[{"href":"https:\/\/www.linux.org.uy\/index.php?rest_route=\/wp\/v2\/types\/page"}],"author":[{"embeddable":true,"href":"https:\/\/www.linux.org.uy\/index.php?rest_route=\/wp\/v2\/users\/2"}],"replies":[{"embeddable":true,"href":"https:\/\/www.linux.org.uy\/index.php?rest_route=%2Fwp%2Fv2%2Fcomments&post=41"}],"version-history":[{"count":5,"href":"https:\/\/www.linux.org.uy\/index.php?rest_route=\/wp\/v2\/pages\/41\/revisions"}],"predecessor-version":[{"id":44,"href":"https:\/\/www.linux.org.uy\/index.php?rest_route=\/wp\/v2\/pages\/41\/revisions\/44"}],"up":[{"embeddable":true,"href":"https:\/\/www.linux.org.uy\/index.php?rest_route=\/wp\/v2\/pages\/33"}],"wp:attachment":[{"href":"https:\/\/www.linux.org.uy\/index.php?rest_route=%2Fwp%2Fv2%2Fmedia&parent=41"}],"curies":[{"name":"wp","href":"https:\/\/api.w.org\/{rel}","templated":true}]}}